{"id":84,"date":"2016-10-18T11:47:57","date_gmt":"2016-10-18T08:47:57","guid":{"rendered":"http:\/\/twt.com.tr\/?page_id=84"},"modified":"2017-06-07T10:56:38","modified_gmt":"2017-06-07T07:56:38","slug":"egitim-ve-danismanlik-hizmetlerimiz","status":"publish","type":"page","link":"http:\/\/twt.com.tr\/index.php\/hizmetlerimiz\/egitim-ve-danismanlik-hizmetlerimiz\/","title":{"rendered":"E\u011fitim ve Dan\u0131\u015fmanl\u0131k Hizmetlerimiz"},"content":{"rendered":"<p><strong>Amac\u0131m\u0131z; <\/strong>Firman\u0131z\u0131n kuvvetli alanlar\u0131n\u0131 destekleyecek ve\/veya stratejik olarak geli\u015ftirme karar\u0131 verdi\u011finiz alanlarda size e\u011fitim, dan\u0131\u015fmanl\u0131k hizmetleri sunarak, kurumsal b\u00fcy\u00fcmenize, verimlilik artt\u0131rma \u00e7al\u0131\u015fmalar\u0131n\u0131za katma de\u011fer sa\u011flamakt\u0131r.<\/p>\n<blockquote><p><strong><em>E\u011fitim ve Dan\u0131\u015fmanl\u0131k Uzmanl\u0131klar\u0131m\u0131z;<\/em><\/strong><\/p><\/blockquote>\n<ul>\n<li>Yal\u0131n \u00dcretim Dan\u0131\u015fmanl\u0131\u011f\u0131<\/li>\n<li>Yal\u0131n \u00dcretim Temel E\u011fitimi<\/li>\n<li>5S \u2013 Ofis 5S<\/li>\n<li>Kaizen<\/li>\n<li>Yarat\u0131c\u0131 \u00d6neri<\/li>\n<li>Problem \u00c7\u00f6zme Teknikleri<\/li>\n<li>Yerinde Kalite<\/li>\n<li>Poka Yoke<\/li>\n<li>VSM Mevcut Durum \u2013 Gelecek Durum<\/li>\n<li>Hedeflerle Y\u00f6netim (Hoshin Kanri)<\/li>\n<li>A3 S\u00fcre\u00e7 Y\u00f6netimi<\/li>\n<li>Standart \u0130\u015f<\/li>\n<li>\u00c7eki\u015f ve Kanban<\/li>\n<li>Yal\u0131n De\u011ferlendirme<\/li>\n<li>Yal\u0131n Tedarik Zinciri<\/li>\n<li>PPAP Dok\u00fcmantasyon \u2013 Y\u00f6netim<\/li>\n<li>3P<\/li>\n<li>Bak\u0131m Y\u00f6netimi Dan\u0131\u015fmanl\u0131\u011f\u0131<br \/>\n&#8211; Bak\u0131m Y\u00f6netim Sistemi<br \/>\n&#8211; Enerji Bilin\u00e7lendirme<br \/>\n&#8211; Kestirimci Bak\u0131m Tekni\u011fi<br \/>\n&#8211; Otonom Bak\u0131m<\/li>\n<li>Tehlikeli Madde G\u00fcvenlik Dan\u0131\u015fmanl\u0131\u011f\u0131 \u00a0 <a href=\"http:\/\/www.twt.com.tr\/teblig.docx\">Bilgilendirme \u0130\u00e7in T\u0131klay\u0131n\u0131z&#8230;<\/a><\/li>\n<\/ul>\n","protected":false},"excerpt":{"rendered":"<p>Amac\u0131m\u0131z; Firman\u0131z\u0131n kuvvetli alanlar\u0131n\u0131 destekleyecek ve\/veya stratejik olarak geli\u015ftirme karar\u0131 verdi\u011finiz alanlarda size e\u011fitim, dan\u0131\u015fmanl\u0131k hizmetleri sunarak, kurumsal b\u00fcy\u00fcmenize, verimlilik artt\u0131rma \u00e7al\u0131\u015fmalar\u0131n\u0131za katma de\u011fer sa\u011flamakt\u0131r. E\u011fitim ve Dan\u0131\u015fmanl\u0131k Uzmanl\u0131klar\u0131m\u0131z; Yal\u0131n \u00dcretim Dan\u0131\u015fmanl\u0131\u011f\u0131 Yal\u0131n \u00dcretim Temel E\u011fitimi 5S \u2013 Ofis 5S<\/p>\n","protected":false},"author":1,"featured_media":0,"parent":117,"menu_order":0,"comment_status":"closed","ping_status":"closed","template":"","meta":[],"_links":{"self":[{"href":"http:\/\/twt.com.tr\/index.php\/wp-json\/wp\/v2\/pages\/84"}],"collection":[{"href":"http:\/\/twt.com.tr\/index.php\/wp-json\/wp\/v2\/pages"}],"about":[{"href":"http:\/\/twt.com.tr\/index.php\/wp-json\/wp\/v2\/types\/page"}],"author":[{"embeddable":true,"href":"http:\/\/twt.com.tr\/index.php\/wp-json\/wp\/v2\/users\/1"}],"replies":[{"embeddable":true,"href":"http:\/\/twt.com.tr\/index.php\/wp-json\/wp\/v2\/comments?post=84"}],"version-history":[{"count":8,"href":"http:\/\/twt.com.tr\/index.php\/wp-json\/wp\/v2\/pages\/84\/revisions"}],"predecessor-version":[{"id":209,"href":"http:\/\/twt.com.tr\/index.php\/wp-json\/wp\/v2\/pages\/84\/revisions\/209"}],"up":[{"embeddable":true,"href":"http:\/\/twt.com.tr\/index.php\/wp-json\/wp\/v2\/pages\/117"}],"wp:attachment":[{"href":"http:\/\/twt.com.tr\/index.php\/wp-json\/wp\/v2\/media?parent=84"}],"curies":[{"name":"wp","href":"https:\/\/api.w.org\/{rel}","templated":true}]}}