{"id":81,"date":"2016-10-18T11:47:17","date_gmt":"2016-10-18T08:47:17","guid":{"rendered":"http:\/\/twt.com.tr\/?page_id=81"},"modified":"2016-11-10T15:17:13","modified_gmt":"2016-11-10T13:17:13","slug":"ihracat-hedefli-toptan-satis-gunleri-organizasyonlarimiz","status":"publish","type":"page","link":"http:\/\/twt.com.tr\/index.php\/hizmetlerimiz\/ihracat-hedefli-toptan-satis-gunleri-organizasyonlarimiz\/","title":{"rendered":"\u0130hracat Hedefli Toptan Sat\u0131\u015f G\u00fcnleri Organizasyonlar\u0131m\u0131z"},"content":{"rendered":"<p><strong>Amac\u0131m\u0131z; <\/strong>Sekt\u00f6re \u00f6zel d\u00fczenlenen organizasyonlar ile t\u00fcm ula\u015f\u0131m ve konaklama masraflar\u0131 taraf\u0131m\u0131zca kar\u015f\u0131lanan al\u0131m garantili al\u0131c\u0131lar ile \u00fcreticilerin hem toptan sat\u0131\u015f yapabilece\u011fi hem de m\u00fc\u015fteri portf\u00f6y\u00fcne ekleyece\u011fi yeni m\u00fc\u015fterilerle bulu\u015fma imkan\u0131 sa\u011flanmas\u0131d\u0131r.<\/p>\n<p>Al\u0131c\u0131lar\u0131n, sat\u0131c\u0131 firmalar\u0131n showroomlar\u0131na ziyareti organizasyonlar\u0131m\u0131za dahil olup, hem organizasyon \u00f6zelinde tan\u0131mlanan platformlarda hem de \u00fcr\u00fcn \u00e7e\u015fitlili\u011finizin tamam\u0131n\u0131 sergileme f\u0131rsat\u0131 sa\u011flanmaktad\u0131r.<\/p>\n","protected":false},"excerpt":{"rendered":"<p>Amac\u0131m\u0131z; Sekt\u00f6re \u00f6zel d\u00fczenlenen organizasyonlar ile t\u00fcm ula\u015f\u0131m ve konaklama masraflar\u0131 taraf\u0131m\u0131zca kar\u015f\u0131lanan al\u0131m garantili al\u0131c\u0131lar ile \u00fcreticilerin hem toptan sat\u0131\u015f yapabilece\u011fi hem de m\u00fc\u015fteri portf\u00f6y\u00fcne ekleyece\u011fi yeni m\u00fc\u015fterilerle bulu\u015fma imkan\u0131 sa\u011flanmas\u0131d\u0131r. Al\u0131c\u0131lar\u0131n, sat\u0131c\u0131 firmalar\u0131n showroomlar\u0131na ziyareti organizasyonlar\u0131m\u0131za dahil olup,<\/p>\n","protected":false},"author":1,"featured_media":0,"parent":117,"menu_order":0,"comment_status":"closed","ping_status":"closed","template":"","meta":[],"_links":{"self":[{"href":"http:\/\/twt.com.tr\/index.php\/wp-json\/wp\/v2\/pages\/81"}],"collection":[{"href":"http:\/\/twt.com.tr\/index.php\/wp-json\/wp\/v2\/pages"}],"about":[{"href":"http:\/\/twt.com.tr\/index.php\/wp-json\/wp\/v2\/types\/page"}],"author":[{"embeddable":true,"href":"http:\/\/twt.com.tr\/index.php\/wp-json\/wp\/v2\/users\/1"}],"replies":[{"embeddable":true,"href":"http:\/\/twt.com.tr\/index.php\/wp-json\/wp\/v2\/comments?post=81"}],"version-history":[{"count":1,"href":"http:\/\/twt.com.tr\/index.php\/wp-json\/wp\/v2\/pages\/81\/revisions"}],"predecessor-version":[{"id":83,"href":"http:\/\/twt.com.tr\/index.php\/wp-json\/wp\/v2\/pages\/81\/revisions\/83"}],"up":[{"embeddable":true,"href":"http:\/\/twt.com.tr\/index.php\/wp-json\/wp\/v2\/pages\/117"}],"wp:attachment":[{"href":"http:\/\/twt.com.tr\/index.php\/wp-json\/wp\/v2\/media?parent=81"}],"curies":[{"name":"wp","href":"https:\/\/api.w.org\/{rel}","templated":true}]}}