{"id":78,"date":"2016-10-18T11:46:33","date_gmt":"2016-10-18T08:46:33","guid":{"rendered":"http:\/\/twt.com.tr\/?page_id=78"},"modified":"2016-11-10T15:25:42","modified_gmt":"2016-11-10T13:25:42","slug":"sektorel-on-arastirma-raporlari","status":"publish","type":"page","link":"http:\/\/twt.com.tr\/index.php\/hizmetlerimiz\/sektorel-on-arastirma-raporlari\/","title":{"rendered":"Sekt\u00f6rel \u00d6n Ara\u015ft\u0131rma Raporlar\u0131 \/ \u0130RAN"},"content":{"rendered":"<p>Bir \u00fclkenin pazar\u0131na girmeden \u00f6nce mutlaka ara\u015ft\u0131rma yap\u0131lmas\u0131 gereklidir. Bu ara\u015ft\u0131rma sayesinde firman\u0131z\u0131n pazarda ger\u00e7ekten ba\u015far\u0131l\u0131 olup olamayaca\u011f\u0131 \u00f6nceden tahmin edilmelidir. Yeterli ara\u015ft\u0131rma yap\u0131lmadan yabac\u0131 bir pazara girmek ciddi anlamda risk ta\u015f\u0131maktad\u0131r.<\/p>\n<p>Ara\u015ft\u0131rma raporlar\u0131 standart raporlar ve \u015firkete \u00f6zel raporlar olarak iki s\u0131n\u0131fa ayr\u0131lmaktad\u0131r. Standart raporlar haz\u0131r olarak \u00e7e\u015fitli kaynaklardan al\u0131nabilmektedir ve daha \u00e7ok sekt\u00f6r ile ilgili genel bilgileri i\u00e7ermektedir. \u015eirkete \u00f6zel raporlar ise \u00f6n ara\u015ft\u0131rma raporlar\u0131 ve detay ara\u015ft\u0131rma raporlar\u0131 olmak \u00fczere iki k\u0131s\u0131mda ele al\u0131nmaktad\u0131r.<\/p>\n<p>\u00d6n ara\u015ft\u0131rmada pazar\u0131n genel yap\u0131s\u0131, oyuncular, riskler, kar\u015f\u0131laca\u011f\u0131n\u0131z yasal y\u00fck\u00fcml\u00fcl\u00fckler, rakiplerinizin durumu, \u00fcr\u00fcn ve hizmet fiyatlar\u0131, lojistik gereklilikler gibi bir dizi soruya cevap verilmektedir.<\/p>\n<p>\u00d6n ara\u015ft\u0131rma raporlar\u0131 hem sekt\u00f6re ait genel bilgileri hem de size \u00f6zel bilgileri i\u00e7ermektedir. B\u00f6ylelikle daha ilerdeki s\u00fcre\u00e7ler i\u00e7in riskler azalt\u0131lm\u0131\u015f olacakt\u0131r. Yap\u0131lan kontrollerde pazarda halihaz\u0131rda \u00e7al\u0131\u015fan pek \u00e7ok \u015firketin kendi konumlar\u0131n\u0131 ve pazar potansiyelini bilmedikleri ve b\u00fcy\u00fck oranda pazar kayb\u0131na u\u011frad\u0131klar\u0131 g\u00f6zlemlenmektedir.<\/p>\n<blockquote><p><strong>\u00d6N ARA\u015eTIRMA RAPOR YAPISI<\/strong><\/p><\/blockquote>\n<ul>\n<li>Pazar\u0131n genel yap\u0131s\u0131 (b\u00fcy\u00fckl\u00fckler, ana oyuncular, fiyatlar ve kalite a\u00e7\u0131s\u0131ndan \u00f6n inceleme)<\/li>\n<li>\u00dcr\u00fcn ihracat\u0131 i\u00e7in yasal mevzuatlar<\/li>\n<li>Yat\u0131r\u0131m riskleri<\/li>\n<li>\u00dclkedeki ana da\u011f\u0131t\u0131c\u0131lar, \u00fcreticiler ve servis sa\u011flay\u0131c\u0131lar <strong>(bu k\u0131s\u0131m \u015firkete \u00f6zel raporlarda bulunur<\/strong>).<\/li>\n<li>Pazardaki genel i\u015f ak\u0131\u015f\u0131, al\u0131\u015fkanl\u0131klar ve taleplerin incelenmesi<\/li>\n<li>Rakip \u00fcr\u00fcnlerin ortalama fiyat ve kalitesi, sat\u0131\u015f \u015fartlar\u0131 (vade, kredi imk\u00e2nlar\u0131 vs.)<\/li>\n<li>Sat\u0131\u015f tipleri (m\u00fc\u015fteri sipari\u015fi, stoka \u00fcretim vs. belirlenmesi)<\/li>\n<li>\u00d6deme ara\u00e7lar\u0131 (\u00f6n \u00f6deme, banka havalesi, \u00e7ek, vadeli senet, nakit vs.)<\/li>\n<li>\u00dcreticiden bayi, da\u011f\u0131t\u0131c\u0131 ve son kullan\u0131c\u0131ya kadar gereken tedarik zinciri yap\u0131s\u0131 (ta\u015f\u0131-ma, depolama, stoklama, sipari\u015f, teslimat s\u00fcre\u00e7leri), bunlar\u0131n finansal etkileri<\/li>\n<li>Pazarda talep edilen teslimat s\u00fcreleri<\/li>\n<li>Talep tahmini, sat\u0131\u015f planlama, b\u00fct\u00e7eleme alternatifleri<\/li>\n<li>Teminat talepleri, montaj, devreye alma vb. s\u00fcre\u00e7leri ve bununla ilgili gereklilikler<\/li>\n<li>\u00d6n g\u00f6r\u00fc\u015fme yap\u0131lan firmalar ve konu\u015fmalar\u0131n \u00f6zetleri <strong>(bu k\u0131s\u0131m \u015firkete \u00f6zel raporlarda bulunur)<\/strong><\/li>\n<li>\u00d6n ara\u015ft\u0131rma raporu sonucu ve al\u0131nmas\u0131 gereken muhtemel aksiyonlar<\/li>\n<\/ul>\n<blockquote><p><strong>DETAY ARA\u015eTIRMA RAPOR YAPISI<\/strong><\/p><\/blockquote>\n<ul>\n<li>Giri\u015f \u00f6n yaz\u0131s\u0131<\/li>\n<li>Genel market potansiyeli, sekt\u00f6re ait \u00f6zellikler ve detay bilgiler<\/li>\n<li>SWOT analizleri (ilgili end\u00fcstri kolu SWOT analizleri, politik SWOT analizleri, ekonomik SWOT analizleri, i\u015f ortam\u0131 SWOT analizleri)<\/li>\n<li>End\u00fcstriyel e\u011filimler ve geli\u015fmeler<\/li>\n<li>Konu ile ilgili devlet birimleri, odalar ve \u00e7al\u0131\u015fma \u015fekilleri<\/li>\n<li>\u0130lgili end\u00fcstri koluna ait devlet stratejileri ve gelecek planlar\u0131<\/li>\n<li>End\u00fcstri koluna y\u00f6nelik \u0130lgili yasal mevzuat ve uygulama e\u011filimleri<\/li>\n<li>Devlet te\u015fvikleri ve serbest b\u00f6lgeler<\/li>\n<li>\u0130lgili end\u00fcstri kolundaki \u015firketlerin tan\u0131t\u0131m\u0131<\/li>\n<li>End\u00fcstri analizi<\/li>\n<li>Mevcut ticaret ve yat\u0131r\u0131m f\u0131rsatlar\u0131<\/li>\n<li>Pazara giri\u015f stratejileri<\/li>\n<li>Sonu\u00e7<\/li>\n<\/ul>\n","protected":false},"excerpt":{"rendered":"<p>Bir \u00fclkenin pazar\u0131na girmeden \u00f6nce mutlaka ara\u015ft\u0131rma yap\u0131lmas\u0131 gereklidir. Bu ara\u015ft\u0131rma sayesinde firman\u0131z\u0131n pazarda ger\u00e7ekten ba\u015far\u0131l\u0131 olup olamayaca\u011f\u0131 \u00f6nceden tahmin edilmelidir. Yeterli ara\u015ft\u0131rma yap\u0131lmadan yabac\u0131 bir pazara girmek ciddi anlamda risk ta\u015f\u0131maktad\u0131r. Ara\u015ft\u0131rma raporlar\u0131 standart raporlar ve \u015firkete \u00f6zel raporlar<\/p>\n","protected":false},"author":1,"featured_media":0,"parent":117,"menu_order":0,"comment_status":"closed","ping_status":"closed","template":"","meta":[],"_links":{"self":[{"href":"http:\/\/twt.com.tr\/index.php\/wp-json\/wp\/v2\/pages\/78"}],"collection":[{"href":"http:\/\/twt.com.tr\/index.php\/wp-json\/wp\/v2\/pages"}],"about":[{"href":"http:\/\/twt.com.tr\/index.php\/wp-json\/wp\/v2\/types\/page"}],"author":[{"embeddable":true,"href":"http:\/\/twt.com.tr\/index.php\/wp-json\/wp\/v2\/users\/1"}],"replies":[{"embeddable":true,"href":"http:\/\/twt.com.tr\/index.php\/wp-json\/wp\/v2\/comments?post=78"}],"version-history":[{"count":2,"href":"http:\/\/twt.com.tr\/index.php\/wp-json\/wp\/v2\/pages\/78\/revisions"}],"predecessor-version":[{"id":128,"href":"http:\/\/twt.com.tr\/index.php\/wp-json\/wp\/v2\/pages\/78\/revisions\/128"}],"up":[{"embeddable":true,"href":"http:\/\/twt.com.tr\/index.php\/wp-json\/wp\/v2\/pages\/117"}],"wp:attachment":[{"href":"http:\/\/twt.com.tr\/index.php\/wp-json\/wp\/v2\/media?parent=78"}],"curies":[{"name":"wp","href":"https:\/\/api.w.org\/{rel}","templated":true}]}}