{"id":75,"date":"2016-10-18T11:45:24","date_gmt":"2016-10-18T08:45:24","guid":{"rendered":"http:\/\/twt.com.tr\/?page_id=75"},"modified":"2016-11-10T15:08:06","modified_gmt":"2016-11-10T13:08:06","slug":"misyon","status":"publish","type":"page","link":"http:\/\/twt.com.tr\/index.php\/misyon\/","title":{"rendered":"Vizyon &#038; Misyon"},"content":{"rendered":"<p style=\"padding-left: 30px;\"><strong>Vizyon<\/strong> : TWT A\u015e, \u00e7al\u0131\u015fanlar\u0131yla birlikte s\u00fcrekli geli\u015fmeyi, d\u00fcnya kalite ve standartlar\u0131nda g\u00fcvenilir hizmetler sunarak m\u00fc\u015fterilerini memnun etmeyi ama\u00e7lar. \u00dcretim sistemlerini iyile\u015ftirecek ve ihracatta pazar aray\u0131\u015f\u0131n\u0131 farkl\u0131 co\u011frafyalara ta\u015f\u0131yacak altyap\u0131s\u0131yla, m\u00fc\u015fteri ihtiya\u00e7lar\u0131n\u0131 anlayan, \u00e7\u00f6z\u00fcm \u00fcreten \u00e7al\u0131\u015fmalar\u0131yla de\u011fer yaratarak devaml\u0131l\u0131k simgesi olmay\u0131, ahlakl\u0131 ve d\u00fcr\u00fcst \u00e7al\u0131\u015fma ilkelerine uyarak, T\u00fcrk ekonomisine g\u00fc\u00e7 katmay\u0131 hedef almaktad\u0131r.<\/p>\n<p style=\"padding-left: 30px;\"><strong>Misyon<\/strong> : \u00dcretim Y\u00f6netim Sistemlerini geli\u015ftirmek ve global pazarda hacmini \u00fclke beklentilerine uyumlu olarak artt\u0131rmak isteyen t\u00fcm firmalara hizmet sunmay\u0131 hedefleyen \u015firketimiz, \u00fcretim y\u00f6netim sistemleri ve ihracat ile ilgili yol haritalar\u0131 \u00e7izip y\u00f6neterek, yeni pazarlara ula\u015fmakta \u00e7\u00f6z\u00fcm orta\u011f\u0131 olarak rekabet\u00e7i bir yakla\u015f\u0131m\u0131 benimsemi\u015ftir.<\/p>\n","protected":false},"excerpt":{"rendered":"<p>Vizyon : TWT A\u015e, \u00e7al\u0131\u015fanlar\u0131yla birlikte s\u00fcrekli geli\u015fmeyi, d\u00fcnya kalite ve standartlar\u0131nda g\u00fcvenilir hizmetler sunarak m\u00fc\u015fterilerini memnun etmeyi ama\u00e7lar. \u00dcretim sistemlerini iyile\u015ftirecek ve ihracatta pazar aray\u0131\u015f\u0131n\u0131 farkl\u0131 co\u011frafyalara ta\u015f\u0131yacak altyap\u0131s\u0131yla, m\u00fc\u015fteri ihtiya\u00e7lar\u0131n\u0131 anlayan, \u00e7\u00f6z\u00fcm \u00fcreten \u00e7al\u0131\u015fmalar\u0131yla de\u011fer yaratarak devaml\u0131l\u0131k simgesi<\/p>\n","protected":false},"author":1,"featured_media":0,"parent":0,"menu_order":0,"comment_status":"closed","ping_status":"closed","template":"","meta":[],"_links":{"self":[{"href":"http:\/\/twt.com.tr\/index.php\/wp-json\/wp\/v2\/pages\/75"}],"collection":[{"href":"http:\/\/twt.com.tr\/index.php\/wp-json\/wp\/v2\/pages"}],"about":[{"href":"http:\/\/twt.com.tr\/index.php\/wp-json\/wp\/v2\/types\/page"}],"author":[{"embeddable":true,"href":"http:\/\/twt.com.tr\/index.php\/wp-json\/wp\/v2\/users\/1"}],"replies":[{"embeddable":true,"href":"http:\/\/twt.com.tr\/index.php\/wp-json\/wp\/v2\/comments?post=75"}],"version-history":[{"count":3,"href":"http:\/\/twt.com.tr\/index.php\/wp-json\/wp\/v2\/pages\/75\/revisions"}],"predecessor-version":[{"id":116,"href":"http:\/\/twt.com.tr\/index.php\/wp-json\/wp\/v2\/pages\/75\/revisions\/116"}],"wp:attachment":[{"href":"http:\/\/twt.com.tr\/index.php\/wp-json\/wp\/v2\/media?parent=75"}],"curies":[{"name":"wp","href":"https:\/\/api.w.org\/{rel}","templated":true}]}}