{"id":72,"date":"2016-10-18T11:44:33","date_gmt":"2016-10-18T08:44:33","guid":{"rendered":"http:\/\/twt.com.tr\/?page_id=72"},"modified":"2016-10-18T11:44:33","modified_gmt":"2016-10-18T08:44:33","slug":"kurumsal","status":"publish","type":"page","link":"http:\/\/twt.com.tr\/index.php\/kurumsal\/","title":{"rendered":"Kurumsal"},"content":{"rendered":"<p>TWT A\u015e olarak, \u00fclkemizin d\u00fcnya pazar\u0131ndaki pay\u0131n\u0131n art\u0131\u015f\u0131na katk\u0131 sa\u011flayacak bir yap\u0131da, firmalar\u0131 d\u0131\u015f pazara haz\u0131rlayacak bir hizmet a\u011f\u0131 sunuyoruz. Yal\u0131n \u00fcretim sistemleri ile ilgili hizmetlerimizle de d\u00fc\u015f\u00fck maliyet, y\u00fcksek kalite ve zaman\u0131nda teslimat y\u00f6ntemlerinde geli\u015fiminizi destekleyerek, hem mevcut hem de a\u00e7\u0131lmay\u0131 hedefledi\u011finiz yeni pazarlarda rekabet \u00fcst\u00fcnl\u00fc\u011f\u00fc elde etmenize y\u00f6nelik \u00e7al\u0131\u015fmalarda bulunuyoruz.<\/p>\n<p>\u00dcretiminizde ve yurtd\u0131\u015f\u0131 sat\u0131\u015f\u0131n\u0131zda hayal ettikleriniz i\u00e7in i\u015f orta\u011f\u0131 olmay\u0131 yeni bir kurulu\u015f olan TWT A\u015e ile hizmetinize sunmaktay\u0131z.<\/p>\n<p>Kurulu\u015fundan k\u0131sa bir s\u00fcre sonra 10 y\u0131ldan uzun s\u00fcredir Almanya, Malta, \u0130ran ve son bir y\u0131ld\u0131r T\u00fcrkiye de faaliyet g\u00f6steren Ebis Global \u015firketi ile ayn\u0131 \u015firketler grubunun y\u00f6netiminde ki Parbis, Kreativ ve Start Up \u0130ran firmalar\u0131n\u0131n T\u00fcrkiye partneri olmak \u00fczere i\u015fbirli\u011fi anla\u015fmas\u0131 imzalam\u0131\u015ft\u0131r.<\/p>\n","protected":false},"excerpt":{"rendered":"<p>TWT A\u015e olarak, \u00fclkemizin d\u00fcnya pazar\u0131ndaki pay\u0131n\u0131n art\u0131\u015f\u0131na katk\u0131 sa\u011flayacak bir yap\u0131da, firmalar\u0131 d\u0131\u015f pazara haz\u0131rlayacak bir hizmet a\u011f\u0131 sunuyoruz. Yal\u0131n \u00fcretim sistemleri ile ilgili hizmetlerimizle de d\u00fc\u015f\u00fck maliyet, y\u00fcksek kalite ve zaman\u0131nda teslimat y\u00f6ntemlerinde geli\u015fiminizi destekleyerek, hem mevcut hem<\/p>\n","protected":false},"author":1,"featured_media":0,"parent":0,"menu_order":0,"comment_status":"closed","ping_status":"closed","template":"","meta":[],"_links":{"self":[{"href":"http:\/\/twt.com.tr\/index.php\/wp-json\/wp\/v2\/pages\/72"}],"collection":[{"href":"http:\/\/twt.com.tr\/index.php\/wp-json\/wp\/v2\/pages"}],"about":[{"href":"http:\/\/twt.com.tr\/index.php\/wp-json\/wp\/v2\/types\/page"}],"author":[{"embeddable":true,"href":"http:\/\/twt.com.tr\/index.php\/wp-json\/wp\/v2\/users\/1"}],"replies":[{"embeddable":true,"href":"http:\/\/twt.com.tr\/index.php\/wp-json\/wp\/v2\/comments?post=72"}],"version-history":[{"count":1,"href":"http:\/\/twt.com.tr\/index.php\/wp-json\/wp\/v2\/pages\/72\/revisions"}],"predecessor-version":[{"id":74,"href":"http:\/\/twt.com.tr\/index.php\/wp-json\/wp\/v2\/pages\/72\/revisions\/74"}],"wp:attachment":[{"href":"http:\/\/twt.com.tr\/index.php\/wp-json\/wp\/v2\/media?parent=72"}],"curies":[{"name":"wp","href":"https:\/\/api.w.org\/{rel}","templated":true}]}}