{"id":69,"date":"2016-10-18T11:43:32","date_gmt":"2016-10-18T08:43:32","guid":{"rendered":"http:\/\/twt.com.tr\/?page_id=69"},"modified":"2019-09-19T16:08:29","modified_gmt":"2019-09-19T13:08:29","slug":"iletisim","status":"publish","type":"page","link":"http:\/\/twt.com.tr\/index.php\/iletisim\/","title":{"rendered":"\u0130leti\u015fim"},"content":{"rendered":"<pre>TWT DI\u015e T\u0130CARET KAL\u0130TE Y\u00d6NET\u0130M S\u0130STEMLER\u0130 E\u011e\u0130T\u0130M DANI\u015eMANLIK PAZARLAMA ORGAN\u0130ZASYON SAN VE T\u0130C A\u015e\r\n\r\n<img loading=\"lazy\" class=\"alignnone wp-image-139\" src=\"http:\/\/twt.com.tr\/wp-content\/uploads\/adres.png\" alt=\"adres\" width=\"30\" height=\"31\" \/> Konak Mh. Lefko\u015fe Cd. Bar\u0131\u015f(120) Sk. Ofis+ Plaza No:3 Kat: 1 D:12 PK: 16265 Nil\u00fcfer \/ Bursa\r\n<img loading=\"lazy\" class=\"alignnone wp-image-140\" src=\"http:\/\/twt.com.tr\/wp-content\/uploads\/tel.png\" alt=\"tel\" width=\"30\" height=\"30\" \/> (+90) 224 970 04 74 \r\n<img loading=\"lazy\" class=\"alignnone wp-image-141\" src=\"http:\/\/twt.com.tr\/wp-content\/uploads\/fax.png\" alt=\"fax\" width=\"31\" height=\"32\" \/>(+90) 850 220 04 51\r\n\r\n<img loading=\"lazy\" class=\"alignnone wp-image-143\" src=\"http:\/\/twt.com.tr\/wp-content\/uploads\/banka.png\" alt=\"banka\" width=\"30\" height=\"30\" \/> <a href=\"mailto:d.karli@twt.com.tr\">d.karli@twt.com.tr<\/a>  \/  <a href=\"mailto:info@twt.com.tr\">info@twt.com.tr<\/a>\r\n\r\n\u00c7EK\u0130RGE VERG\u0130 DA\u0130RES\u0130 - VERG\u0130 NUMARASI 8590632698\r\nBANKA B\u0130LG\u0130LER\u0130 : VAKIFBANK FAT\u0130H SULTAN MEHMET BULVARI\/BURSA IBAN NO : TR66 0001 5001 5800 7304 6643 61 \r\n\r\n\r\n<\/pre>\n<div role=\"form\" class=\"wpcf7\" id=\"wpcf7-f37-o1\" lang=\"tr-TR\" dir=\"ltr\">\n<div class=\"screen-reader-response\" role=\"alert\" aria-live=\"polite\"><\/div>\n<form action=\"\/index.php\/wp-json\/wp\/v2\/pages\/69#wpcf7-f37-o1\" method=\"post\" class=\"wpcf7-form init\" novalidate=\"novalidate\">\n<div style=\"display: none;\">\n<input type=\"hidden\" name=\"_wpcf7\" value=\"37\" \/>\n<input type=\"hidden\" name=\"_wpcf7_version\" value=\"5.2.2\" \/>\n<input type=\"hidden\" name=\"_wpcf7_locale\" value=\"tr_TR\" \/>\n<input type=\"hidden\" name=\"_wpcf7_unit_tag\" value=\"wpcf7-f37-o1\" \/>\n<input type=\"hidden\" name=\"_wpcf7_container_post\" value=\"0\" \/>\n<input type=\"hidden\" name=\"_wpcf7_posted_data_hash\" value=\"\" \/>\n<\/div>\n<p><label> Ad\u0131n\u0131z (gerekli)<br \/>\n    <span class=\"wpcf7-form-control-wrap your-name\"><input type=\"text\" name=\"your-name\" value=\"\" size=\"40\" class=\"wpcf7-form-control wpcf7-text wpcf7-validates-as-required\" aria-required=\"true\" aria-invalid=\"false\" \/><\/span> <\/label><\/p>\n<p><label> Epostan\u0131z (gerekli)<br \/>\n    <span class=\"wpcf7-form-control-wrap your-email\"><input type=\"email\" name=\"your-email\" value=\"\" size=\"40\" class=\"wpcf7-form-control wpcf7-text wpcf7-email wpcf7-validates-as-required wpcf7-validates-as-email\" aria-required=\"true\" aria-invalid=\"false\" \/><\/span> <\/label><\/p>\n<p><label> Konu<br \/>\n    <span class=\"wpcf7-form-control-wrap your-subject\"><input type=\"text\" name=\"your-subject\" value=\"\" size=\"40\" class=\"wpcf7-form-control wpcf7-text\" aria-invalid=\"false\" \/><\/span> <\/label><\/p>\n<p><label> \u0130letiniz<br \/>\n    <span class=\"wpcf7-form-control-wrap your-message\"><textarea name=\"your-message\" cols=\"40\" rows=\"10\" class=\"wpcf7-form-control wpcf7-textarea\" aria-invalid=\"false\"><\/textarea><\/span> <\/label><\/p>\n<p><input type=\"submit\" value=\"G\u00f6nder\" class=\"wpcf7-form-control wpcf7-submit\" \/><\/p>\n<p><iframe src=\"https:\/\/www.google.com\/maps\/embed?pb=!1m18!1m12!1m3!1d3045.5497524779084!2d28.97364481539057!3d40.24131207938589!2m3!1f0!2f0!3f0!3m2!1i1024!2i768!4f13.1!3m3!1m2!1s0x0%3A0x7f3a7c894968ac1c!2zVHd0IETEscWfIFRpY2FyZXQ!5e0!3m2!1str!2s!4v1481193335893\" width=\"800\" height=\"600\" frameborder=\"0\" style=\"border:0\" allowfullscreen><\/iframe><\/p>\n<div class=\"wpcf7-response-output\" role=\"alert\" aria-hidden=\"true\"><\/div><\/form><\/div>\n","protected":false},"excerpt":{"rendered":"<p>TWT DI\u015e T\u0130CARET KAL\u0130TE Y\u00d6NET\u0130M S\u0130STEMLER\u0130 E\u011e\u0130T\u0130M DANI\u015eMANLIK PAZARLAMA ORGAN\u0130ZASYON SAN VE T\u0130C A\u015e Konak Mh. Lefko\u015fe Cd. Bar\u0131\u015f(120) Sk. Ofis+ Plaza No:3 Kat: 1 D:12 PK: 16265 Nil\u00fcfer \/ Bursa (+90) 224 970 04 74 (+90) 850 220 04<\/p>\n","protected":false},"author":1,"featured_media":0,"parent":0,"menu_order":0,"comment_status":"closed","ping_status":"closed","template":"","meta":[],"_links":{"self":[{"href":"http:\/\/twt.com.tr\/index.php\/wp-json\/wp\/v2\/pages\/69"}],"collection":[{"href":"http:\/\/twt.com.tr\/index.php\/wp-json\/wp\/v2\/pages"}],"about":[{"href":"http:\/\/twt.com.tr\/index.php\/wp-json\/wp\/v2\/types\/page"}],"author":[{"embeddable":true,"href":"http:\/\/twt.com.tr\/index.php\/wp-json\/wp\/v2\/users\/1"}],"replies":[{"embeddable":true,"href":"http:\/\/twt.com.tr\/index.php\/wp-json\/wp\/v2\/comments?post=69"}],"version-history":[{"count":6,"href":"http:\/\/twt.com.tr\/index.php\/wp-json\/wp\/v2\/pages\/69\/revisions"}],"predecessor-version":[{"id":214,"href":"http:\/\/twt.com.tr\/index.php\/wp-json\/wp\/v2\/pages\/69\/revisions\/214"}],"wp:attachment":[{"href":"http:\/\/twt.com.tr\/index.php\/wp-json\/wp\/v2\/media?parent=69"}],"curies":[{"name":"wp","href":"https:\/\/api.w.org\/{rel}","templated":true}]}}