{"id":66,"date":"2016-10-18T11:41:11","date_gmt":"2016-10-18T08:41:11","guid":{"rendered":"http:\/\/twt.com.tr\/?page_id=66"},"modified":"2016-11-10T15:25:04","modified_gmt":"2016-11-10T13:25:04","slug":"nasil-calisiyoruz","status":"publish","type":"page","link":"http:\/\/twt.com.tr\/index.php\/hizmetlerimiz\/nasil-calisiyoruz\/","title":{"rendered":"\u0130ran \u0130le Ticaret i\u00e7in Nas\u0131l \u00c7al\u0131\u015f\u0131yoruz ?"},"content":{"rendered":"<p><img loading=\"lazy\" class=\"aligncenter wp-image-25 \" src=\"http:\/\/twt.com.tr\/wp-content\/uploads\/how_to_work_tr.png\" alt=\"how_to_work_tr\" width=\"970\" height=\"588\" srcset=\"http:\/\/twt.com.tr\/wp-content\/uploads\/how_to_work_tr.png 1155w, http:\/\/twt.com.tr\/wp-content\/uploads\/how_to_work_tr-300x182.png 300w, http:\/\/twt.com.tr\/wp-content\/uploads\/how_to_work_tr-768x465.png 768w, http:\/\/twt.com.tr\/wp-content\/uploads\/how_to_work_tr-1024x621.png 1024w\" sizes=\"(max-width: 970px) 100vw, 970px\" \/><\/p>\n<p><img loading=\"lazy\" class=\"aligncenter wp-image-26 \" src=\"http:\/\/twt.com.tr\/wp-content\/uploads\/startups2.jpg\" width=\"1086\" height=\"294\" srcset=\"http:\/\/twt.com.tr\/wp-content\/uploads\/startups2.jpg 1200w, http:\/\/twt.com.tr\/wp-content\/uploads\/startups2-300x81.jpg 300w, http:\/\/twt.com.tr\/wp-content\/uploads\/startups2-768x208.jpg 768w, http:\/\/twt.com.tr\/wp-content\/uploads\/startups2-1024x277.jpg 1024w\" sizes=\"(max-width: 1086px) 100vw, 1086px\" \/><\/p>\n<div class=\"dxflHACSys dxflVAMSys dxflCaptionCell_Glass dxflCaptionCellSys\"><\/div>\n<div class=\"dxflHACSys dxflVAMSys dxflCaptionCell_Glass dxflCaptionCellSys\">\n<div class=\"dxflCLTSys dxflItemSys dxflTextItemSys dxflItem_Glass dxflElConSys dxflFloatedElConSys\">\n<blockquote>\n<div class=\"dxflHACSys dxflVAMSys dxflCaptionCell_Glass dxflCaptionCellSys\"><span class=\"dxflCaption_Glass\">PROJE ADIMLARI<\/span><\/div>\n<\/blockquote>\n<div class=\"dxflNestedControlCell_Glass dxflNotFloatedElSys\"><strong>1- Ba\u015fvuru A\u015famas\u0131:<\/strong><br \/>\nBu a\u015famada \u015firketimiz ile ileti\u015fime ge\u00e7ilmeli ve \u00fcr\u00fcn ve servisleriniz ile ilgili gerekli bilgier bize g\u00f6nderilmelidir.<strong>2- \u00d6n Ara\u015ft\u0131rma A\u015fmas\u0131:<\/strong><br \/>\nPazar potansiyelinin ana\u015f\u0131lmas\u0131 amac\u0131 ile \u00fcr\u00fcn ve servisleriniz ile ilgili bir \u00f6n ara\u015ft\u0131rma yap\u0131l\u0131r ve raporlan\u0131r. Yap\u0131lacak ara\u015ft\u0131rman\u0131n b\u00fcy\u00fckl\u00fc\u011f\u00fcne g\u00f6re bu a\u015fama \u00fccretsiz veya tekliflendirilmek sureti ile yap\u0131lmaktad\u0131r.<strong>3- Raporlama ve Teklif:<\/strong><br \/>\n\u00d6n ara\u015ft\u0131rma raporu sonucuna g\u00f6re e\u011fer pazarda ilerlemek isteniyor ise kaba i\u015f plan\u0131 haz\u0131rlan\u0131r ve bu i\u015f plan\u0131 do\u011frultusunda tekliflendirme yap\u0131l\u0131r.<strong>4- M\u00fc\u015fteri ile detay \u00c7al\u0131\u015fma:<\/strong><br \/>\nTeklifin kabul\u00fcnden sonra m\u00fc\u015fteri ile birlikte detayl\u0131 bir \u00e7al\u0131\u015fma yap\u0131l\u0131r. Burada pazardaki vizyon ve hedefler, sunulacak \u00fcr\u00fcn ve hizmetler, lojistik s\u00fcre\u00e7ler ve k\u0131s\u0131tlar ele al\u0131n\u0131r.<\/p>\n<p><strong>5- Proje Plan\u0131 \u00c7al\u0131\u015fmas\u0131:<\/strong><br \/>\nBu a\u015famada pazar \u00f6nceki a\u015famalarda elde edilen bilgiler do\u011frultusunda daha detayl\u0131 incelenir. Uyuglanacak aksiyon planlar\u0131, e\u011fer bir yat\u0131r\u0131m s\u00f6z konusu ise CAPEX ve OPEX modelleri belirlenir.<\/p>\n<p><strong>6- Uygulama ve Aksiyon A\u015famas\u0131:<\/strong><br \/>\nBelirlenen proje plan\u0131 do\u011frultusunda aksiyonla uygulan\u0131r ve detayl\u0131 olarak raporlan\u0131r.<\/p>\n<p><strong>7- Sonu\u00e7lar\u0131n Al\u0131nmas\u0131:<\/strong><br \/>\n\u0130\u015f plan\u0131ndaki aksiyonlar\u0131n ba\u015far\u0131 ile tamamlanmas\u0131n\u0131n ard\u0131ndan fiili olarak ticaretin ba\u015flamas\u0131 sa\u011flan\u0131r ve gelinen a\u015fama detayl\u0131 olarak raporlan\u0131r.<\/p>\n<p><strong>8- Destek S\u00fcreci ve Sorunlar\u0131n Giderilmesi:<\/strong><br \/>\nBu a\u015famada m\u00fc\u015fteri olas\u0131 sorunlar kar\u015f\u0131s\u0131nda desteklenir. Paralel olarak pazar pay\u0131n\u0131n art\u0131r\u0131lmas\u0131 i\u00e7in gerekli \u00e7al\u0131\u015fmalar yap\u0131l\u0131r.<\/p>\n<\/div>\n<\/div>\n<\/div>\n","protected":false},"excerpt":{"rendered":"<p>PROJE ADIMLARI 1- Ba\u015fvuru A\u015famas\u0131: Bu a\u015famada \u015firketimiz ile ileti\u015fime ge\u00e7ilmeli ve \u00fcr\u00fcn ve servisleriniz ile ilgili gerekli bilgier bize g\u00f6nderilmelidir.2- \u00d6n Ara\u015ft\u0131rma A\u015fmas\u0131: Pazar potansiyelinin ana\u015f\u0131lmas\u0131 amac\u0131 ile \u00fcr\u00fcn ve servisleriniz ile ilgili bir \u00f6n ara\u015ft\u0131rma yap\u0131l\u0131r ve raporlan\u0131r.<\/p>\n","protected":false},"author":1,"featured_media":0,"parent":117,"menu_order":0,"comment_status":"closed","ping_status":"closed","template":"","meta":[],"_links":{"self":[{"href":"http:\/\/twt.com.tr\/index.php\/wp-json\/wp\/v2\/pages\/66"}],"collection":[{"href":"http:\/\/twt.com.tr\/index.php\/wp-json\/wp\/v2\/pages"}],"about":[{"href":"http:\/\/twt.com.tr\/index.php\/wp-json\/wp\/v2\/types\/page"}],"author":[{"embeddable":true,"href":"http:\/\/twt.com.tr\/index.php\/wp-json\/wp\/v2\/users\/1"}],"replies":[{"embeddable":true,"href":"http:\/\/twt.com.tr\/index.php\/wp-json\/wp\/v2\/comments?post=66"}],"version-history":[{"count":5,"href":"http:\/\/twt.com.tr\/index.php\/wp-json\/wp\/v2\/pages\/66\/revisions"}],"predecessor-version":[{"id":127,"href":"http:\/\/twt.com.tr\/index.php\/wp-json\/wp\/v2\/pages\/66\/revisions\/127"}],"up":[{"embeddable":true,"href":"http:\/\/twt.com.tr\/index.php\/wp-json\/wp\/v2\/pages\/117"}],"wp:attachment":[{"href":"http:\/\/twt.com.tr\/index.php\/wp-json\/wp\/v2\/media?parent=66"}],"curies":[{"name":"wp","href":"https:\/\/api.w.org\/{rel}","templated":true}]}}