{"id":55,"date":"2016-10-18T11:36:59","date_gmt":"2016-10-18T08:36:59","guid":{"rendered":"http:\/\/twt.com.tr\/?page_id=55"},"modified":"2017-05-25T12:42:48","modified_gmt":"2017-05-25T09:42:48","slug":"ana-sayfa","status":"publish","type":"page","link":"http:\/\/twt.com.tr\/","title":{"rendered":"Ana Sayfa"},"content":{"rendered":"<p style=\"padding-left: 60px;\"><a href=\"http:\/\/twt.com.tr\/index.php\/faaliyetler\/\"><img loading=\"lazy\" class=\"alignnone wp-image-147 \" src=\"http:\/\/twt.com.tr\/wp-content\/uploads\/faaliyetler-300x285.jpg\" width=\"328\" height=\"312\" srcset=\"http:\/\/twt.com.tr\/wp-content\/uploads\/faaliyetler-300x285.jpg 300w, http:\/\/twt.com.tr\/wp-content\/uploads\/faaliyetler.jpg 383w\" sizes=\"(max-width: 328px) 100vw, 328px\" \/><\/a>\u00a0 \u00a0 \u00a0 \u00a0 \u00a0\u00a0 <a href=\"http:\/\/twt.com.tr\/index.php\/yalin-ev\/\"><img loading=\"lazy\" class=\"alignnone wp-image-157 \" src=\"http:\/\/twt.com.tr\/wp-content\/uploads\/yalinev-icon-300x285.jpg\" width=\"328\" height=\"312\" srcset=\"http:\/\/twt.com.tr\/wp-content\/uploads\/yalinev-icon-300x285.jpg 300w, http:\/\/twt.com.tr\/wp-content\/uploads\/yalinev-icon.jpg 383w\" sizes=\"(max-width: 328px) 100vw, 328px\" \/><\/a>\u00a0 \u00a0 \u00a0 \u00a0 \u00a0\u00a0 <a href=\"http:\/\/twt.com.tr\/index.php\/derya-karli-hakkinda\/\"><img loading=\"lazy\" class=\"alignnone wp-image-163 \" src=\"http:\/\/twt.com.tr\/wp-content\/uploads\/derya-300x285.jpg\" width=\"328\" height=\"312\" srcset=\"http:\/\/twt.com.tr\/wp-content\/uploads\/derya-300x285.jpg 300w, http:\/\/twt.com.tr\/wp-content\/uploads\/derya.jpg 383w\" sizes=\"(max-width: 328px) 100vw, 328px\" \/><\/a><\/p>\n<blockquote>\n<h2>Yal\u0131n D\u00fc\u015f\u00fcnce \u0130lkeleri<\/h2>\n<p>Yal\u0131n D\u00fc\u015f\u00fcnce\u2019nin temel amac\u0131, de\u011ferin ilk ham maddeden ba\u015flayarak, de\u011fer yaratma s\u00fcreci boyunca hi\u00e7 kesintisiz ak\u0131t\u0131larak h\u0131zla nihai m\u00fc\u015fteriye ula\u015ft\u0131r\u0131lmas\u0131d\u0131r.<\/p>\n<p>&nbsp;<\/p><\/blockquote>\n<p><a href=\"http:\/\/twt.com.tr\/index.php\/rekabet-edebilirlik-gucu-yalinlasarak-mumkun\/\"><img loading=\"lazy\" class=\"alignnone wp-image-204\" src=\"http:\/\/twt.com.tr\/wp-content\/uploads\/makale-1-1-300x77.jpg\" alt=\"\" width=\"1367\" height=\"351\" srcset=\"http:\/\/twt.com.tr\/wp-content\/uploads\/makale-1-1-300x77.jpg 300w, http:\/\/twt.com.tr\/wp-content\/uploads\/makale-1-1-768x196.jpg 768w, http:\/\/twt.com.tr\/wp-content\/uploads\/makale-1-1-1024x262.jpg 1024w\" sizes=\"(max-width: 1367px) 100vw, 1367px\" \/><\/a><\/p>\n","protected":false},"excerpt":{"rendered":"<p>\u00a0 \u00a0 \u00a0 \u00a0 \u00a0\u00a0 \u00a0 \u00a0 \u00a0 \u00a0 \u00a0\u00a0 Yal\u0131n D\u00fc\u015f\u00fcnce \u0130lkeleri Yal\u0131n D\u00fc\u015f\u00fcnce\u2019nin temel amac\u0131, de\u011ferin ilk ham maddeden ba\u015flayarak, de\u011fer yaratma s\u00fcreci boyunca hi\u00e7 kesintisiz ak\u0131t\u0131larak h\u0131zla nihai m\u00fc\u015fteriye ula\u015ft\u0131r\u0131lmas\u0131d\u0131r. &nbsp;<\/p>\n","protected":false},"author":1,"featured_media":0,"parent":0,"menu_order":0,"comment_status":"closed","ping_status":"closed","template":"","meta":[],"_links":{"self":[{"href":"http:\/\/twt.com.tr\/index.php\/wp-json\/wp\/v2\/pages\/55"}],"collection":[{"href":"http:\/\/twt.com.tr\/index.php\/wp-json\/wp\/v2\/pages"}],"about":[{"href":"http:\/\/twt.com.tr\/index.php\/wp-json\/wp\/v2\/types\/page"}],"author":[{"embeddable":true,"href":"http:\/\/twt.com.tr\/index.php\/wp-json\/wp\/v2\/users\/1"}],"replies":[{"embeddable":true,"href":"http:\/\/twt.com.tr\/index.php\/wp-json\/wp\/v2\/comments?post=55"}],"version-history":[{"count":24,"href":"http:\/\/twt.com.tr\/index.php\/wp-json\/wp\/v2\/pages\/55\/revisions"}],"predecessor-version":[{"id":206,"href":"http:\/\/twt.com.tr\/index.php\/wp-json\/wp\/v2\/pages\/55\/revisions\/206"}],"wp:attachment":[{"href":"http:\/\/twt.com.tr\/index.php\/wp-json\/wp\/v2\/media?parent=55"}],"curies":[{"name":"wp","href":"https:\/\/api.w.org\/{rel}","templated":true}]}}